{"id":3405,"date":"2025-03-07T12:22:50","date_gmt":"2025-03-07T16:22:50","guid":{"rendered":"https:\/\/galimidilaw.com\/abogado-de-accidentes-aeroportuarios\/"},"modified":"2025-03-07T12:22:50","modified_gmt":"2025-03-07T16:22:50","slug":"abogado-de-accidentes-aeroportuarios","status":"publish","type":"page","link":"https:\/\/galimidilaw.com\/es\/abogado-de-accidentes-aeroportuarios\/","title":{"rendered":"Abogado de accidentes aeroportuarios"},"content":{"rendered":"","protected":false},"excerpt":{"rendered":"","protected":false},"author":3,"featured_media":0,"parent":0,"menu_order":0,"comment_status":"closed","ping_status":"closed","template":"","meta":{"_coblocks_attr":"","_coblocks_dimensions":"","_coblocks_responsive_height":"","_coblocks_accordion_ie_support":"","footnotes":""},"class_list":["post-3405","page","type-page","status-publish","hentry"],"yoast_head":"<!-- This site is optimized with the Yoast SEO plugin v27.3 - https:\/\/yoast.com\/product\/yoast-seo-wordpress\/ -->\n<title>Abogado de Accidentes de Aeropuerto en Miami, FL | Galimidi Law<\/title>\n<meta name=\"description\" content=\"\u00bfNecesitas abogados de accidentes de aeropuerto en Miami? Galimidi Law ayuda a las v\u00edctimas y a sus familias a conseguir la indemnizaci\u00f3n que merecen por sus p\u00e9rdidas. Ll\u00e1manos al 305-692-0125.\" \/>\n<meta name=\"robots\" content=\"index, follow, max-snippet:-1, max-image-preview:large, max-video-preview:-1\" \/>\n<link rel=\"canonical\" href=\"https:\/\/galimidilaw.com\/es\/abogado-de-accidentes-aeroportuarios\/\" \/>\n<meta property=\"og:locale\" content=\"es_ES\" \/>\n<meta property=\"og:type\" content=\"article\" \/>\n<meta property=\"og:title\" content=\"Abogado de Accidentes de Aeropuerto en Miami, FL | Galimidi Law\" \/>\n<meta property=\"og:description\" content=\"\u00bfNecesitas abogados de accidentes de aeropuerto en Miami? Galimidi Law ayuda a las v\u00edctimas y a sus familias a conseguir la indemnizaci\u00f3n que merecen por sus p\u00e9rdidas. Ll\u00e1manos al 305-692-0125.\" \/>\n<meta property=\"og:url\" content=\"https:\/\/galimidilaw.com\/es\/abogado-de-accidentes-aeroportuarios\/\" \/>\n<meta property=\"og:site_name\" content=\"Galimidi Law\" \/>\n<meta property=\"og:image\" content=\"https:\/\/galimidilaw.com\/wp-content\/uploads\/2024\/06\/hero-slider-image1.jpg\" \/>\n\t<meta property=\"og:image:width\" content=\"1083\" \/>\n\t<meta property=\"og:image:height\" content=\"800\" \/>\n\t<meta property=\"og:image:type\" content=\"image\/jpeg\" \/>\n<meta name=\"twitter:card\" content=\"summary_large_image\" \/>\n<script type=\"application\/ld+json\" class=\"yoast-schema-graph\">{\"@context\":\"https:\\\/\\\/schema.org\",\"@graph\":[{\"@type\":\"WebPage\",\"@id\":\"https:\\\/\\\/galimidilaw.com\\\/es\\\/abogado-de-accidentes-aeroportuarios\\\/\",\"url\":\"https:\\\/\\\/galimidilaw.com\\\/es\\\/abogado-de-accidentes-aeroportuarios\\\/\",\"name\":\"Abogado de Accidentes de Aeropuerto en Miami, FL | Galimidi Law\",\"isPartOf\":{\"@id\":\"https:\\\/\\\/galimidilaw.com\\\/es\\\/#website\"},\"datePublished\":\"2025-03-07T16:22:50+00:00\",\"description\":\"\u00bfNecesitas abogados de accidentes de aeropuerto en Miami? Galimidi Law ayuda a las v\u00edctimas y a sus familias a conseguir la indemnizaci\u00f3n que merecen por sus p\u00e9rdidas. Ll\u00e1manos al 305-692-0125.\",\"breadcrumb\":{\"@id\":\"https:\\\/\\\/galimidilaw.com\\\/es\\\/abogado-de-accidentes-aeroportuarios\\\/#breadcrumb\"},\"inLanguage\":\"es\",\"potentialAction\":[{\"@type\":\"ReadAction\",\"target\":[\"https:\\\/\\\/galimidilaw.com\\\/es\\\/abogado-de-accidentes-aeroportuarios\\\/\"]}]},{\"@type\":\"BreadcrumbList\",\"@id\":\"https:\\\/\\\/galimidilaw.com\\\/es\\\/abogado-de-accidentes-aeroportuarios\\\/#breadcrumb\",\"itemListElement\":[{\"@type\":\"ListItem\",\"position\":1,\"name\":\"Home\",\"item\":\"https:\\\/\\\/galimidilaw.com\\\/es\\\/\"},{\"@type\":\"ListItem\",\"position\":2,\"name\":\"Abogado de accidentes aeroportuarios\"}]},{\"@type\":\"WebSite\",\"@id\":\"https:\\\/\\\/galimidilaw.com\\\/es\\\/#website\",\"url\":\"https:\\\/\\\/galimidilaw.com\\\/es\\\/\",\"name\":\"Galimidi Law\",\"description\":\"\",\"publisher\":{\"@id\":\"https:\\\/\\\/galimidilaw.com\\\/es\\\/#organization\"},\"potentialAction\":[{\"@type\":\"SearchAction\",\"target\":{\"@type\":\"EntryPoint\",\"urlTemplate\":\"https:\\\/\\\/galimidilaw.com\\\/es\\\/?s={search_term_string}\"},\"query-input\":{\"@type\":\"PropertyValueSpecification\",\"valueRequired\":true,\"valueName\":\"search_term_string\"}}],\"inLanguage\":\"es\"},{\"@type\":\"Organization\",\"@id\":\"https:\\\/\\\/galimidilaw.com\\\/es\\\/#organization\",\"name\":\"Galimidi Law\",\"url\":\"https:\\\/\\\/galimidilaw.com\\\/es\\\/\",\"logo\":{\"@type\":\"ImageObject\",\"inLanguage\":\"es\",\"@id\":\"https:\\\/\\\/galimidilaw.com\\\/es\\\/#\\\/schema\\\/logo\\\/image\\\/\",\"url\":\"https:\\\/\\\/galimidi.awkwardmedia.ca\\\/wp-content\\\/uploads\\\/2024\\\/06\\\/logo-1x.png\",\"contentUrl\":\"https:\\\/\\\/galimidi.awkwardmedia.ca\\\/wp-content\\\/uploads\\\/2024\\\/06\\\/logo-1x.png\",\"width\":228,\"height\":93,\"caption\":\"Galimidi Law\"},\"image\":{\"@id\":\"https:\\\/\\\/galimidilaw.com\\\/es\\\/#\\\/schema\\\/logo\\\/image\\\/\"}}]}<\/script>\n<!-- \/ Yoast SEO plugin. -->","yoast_head_json":{"title":"Abogado de Accidentes de Aeropuerto en Miami, FL | Galimidi Law","description":"\u00bfNecesitas abogados de accidentes de aeropuerto en Miami? Galimidi Law ayuda a las v\u00edctimas y a sus familias a conseguir la indemnizaci\u00f3n que merecen por sus p\u00e9rdidas. Ll\u00e1manos al 305-692-0125.","robots":{"index":"index","follow":"follow","max-snippet":"max-snippet:-1","max-image-preview":"max-image-preview:large","max-video-preview":"max-video-preview:-1"},"canonical":"https:\/\/galimidilaw.com\/es\/abogado-de-accidentes-aeroportuarios\/","og_locale":"es_ES","og_type":"article","og_title":"Abogado de Accidentes de Aeropuerto en Miami, FL | Galimidi Law","og_description":"\u00bfNecesitas abogados de accidentes de aeropuerto en Miami? Galimidi Law ayuda a las v\u00edctimas y a sus familias a conseguir la indemnizaci\u00f3n que merecen por sus p\u00e9rdidas. Ll\u00e1manos al 305-692-0125.","og_url":"https:\/\/galimidilaw.com\/es\/abogado-de-accidentes-aeroportuarios\/","og_site_name":"Galimidi Law","og_image":[{"width":1083,"height":800,"url":"https:\/\/galimidilaw.com\/wp-content\/uploads\/2024\/06\/hero-slider-image1.jpg","type":"image\/jpeg"}],"twitter_card":"summary_large_image","schema":{"@context":"https:\/\/schema.org","@graph":[{"@type":"WebPage","@id":"https:\/\/galimidilaw.com\/es\/abogado-de-accidentes-aeroportuarios\/","url":"https:\/\/galimidilaw.com\/es\/abogado-de-accidentes-aeroportuarios\/","name":"Abogado de Accidentes de Aeropuerto en Miami, FL | Galimidi Law","isPartOf":{"@id":"https:\/\/galimidilaw.com\/es\/#website"},"datePublished":"2025-03-07T16:22:50+00:00","description":"\u00bfNecesitas abogados de accidentes de aeropuerto en Miami? Galimidi Law ayuda a las v\u00edctimas y a sus familias a conseguir la indemnizaci\u00f3n que merecen por sus p\u00e9rdidas. Ll\u00e1manos al 305-692-0125.","breadcrumb":{"@id":"https:\/\/galimidilaw.com\/es\/abogado-de-accidentes-aeroportuarios\/#breadcrumb"},"inLanguage":"es","potentialAction":[{"@type":"ReadAction","target":["https:\/\/galimidilaw.com\/es\/abogado-de-accidentes-aeroportuarios\/"]}]},{"@type":"BreadcrumbList","@id":"https:\/\/galimidilaw.com\/es\/abogado-de-accidentes-aeroportuarios\/#breadcrumb","itemListElement":[{"@type":"ListItem","position":1,"name":"Home","item":"https:\/\/galimidilaw.com\/es\/"},{"@type":"ListItem","position":2,"name":"Abogado de accidentes aeroportuarios"}]},{"@type":"WebSite","@id":"https:\/\/galimidilaw.com\/es\/#website","url":"https:\/\/galimidilaw.com\/es\/","name":"Galimidi Law","description":"","publisher":{"@id":"https:\/\/galimidilaw.com\/es\/#organization"},"potentialAction":[{"@type":"SearchAction","target":{"@type":"EntryPoint","urlTemplate":"https:\/\/galimidilaw.com\/es\/?s={search_term_string}"},"query-input":{"@type":"PropertyValueSpecification","valueRequired":true,"valueName":"search_term_string"}}],"inLanguage":"es"},{"@type":"Organization","@id":"https:\/\/galimidilaw.com\/es\/#organization","name":"Galimidi Law","url":"https:\/\/galimidilaw.com\/es\/","logo":{"@type":"ImageObject","inLanguage":"es","@id":"https:\/\/galimidilaw.com\/es\/#\/schema\/logo\/image\/","url":"https:\/\/galimidi.awkwardmedia.ca\/wp-content\/uploads\/2024\/06\/logo-1x.png","contentUrl":"https:\/\/galimidi.awkwardmedia.ca\/wp-content\/uploads\/2024\/06\/logo-1x.png","width":228,"height":93,"caption":"Galimidi Law"},"image":{"@id":"https:\/\/galimidilaw.com\/es\/#\/schema\/logo\/image\/"}}]}},"_links":{"self":[{"href":"https:\/\/galimidilaw.com\/es\/wp-json\/wp\/v2\/pages\/3405","targetHints":{"allow":["GET"]}}],"collection":[{"href":"https:\/\/galimidilaw.com\/es\/wp-json\/wp\/v2\/pages"}],"about":[{"href":"https:\/\/galimidilaw.com\/es\/wp-json\/wp\/v2\/types\/page"}],"author":[{"embeddable":true,"href":"https:\/\/galimidilaw.com\/es\/wp-json\/wp\/v2\/users\/3"}],"replies":[{"embeddable":true,"href":"https:\/\/galimidilaw.com\/es\/wp-json\/wp\/v2\/comments?post=3405"}],"version-history":[{"count":0,"href":"https:\/\/galimidilaw.com\/es\/wp-json\/wp\/v2\/pages\/3405\/revisions"}],"wp:attachment":[{"href":"https:\/\/galimidilaw.com\/es\/wp-json\/wp\/v2\/media?parent=3405"}],"curies":[{"name":"wp","href":"https:\/\/api.w.org\/{rel}","templated":true}]}}