{"id":3414,"date":"2024-06-05T21:16:02","date_gmt":"2024-06-06T01:16:02","guid":{"rendered":"https:\/\/galimidilaw.com\/testimonios\/"},"modified":"2025-09-30T13:55:07","modified_gmt":"2025-09-30T17:55:07","slug":"testimonios","status":"publish","type":"page","link":"https:\/\/galimidilaw.com\/es\/testimonios\/","title":{"rendered":"Testimonios"},"content":{"rendered":"","protected":false},"excerpt":{"rendered":"","protected":false},"author":3,"featured_media":2883,"parent":0,"menu_order":0,"comment_status":"closed","ping_status":"closed","template":"","meta":{"_coblocks_attr":"","_coblocks_dimensions":"","_coblocks_responsive_height":"","_coblocks_accordion_ie_support":"","footnotes":""},"class_list":["post-3414","page","type-page","status-publish","has-post-thumbnail","hentry"],"yoast_head":"<!-- This site is optimized with the Yoast SEO plugin v27.3 - https:\/\/yoast.com\/product\/yoast-seo-wordpress\/ -->\n<title>Rese\u00f1as de abogados de lesiones personales - Galimidi Law<\/title>\n<meta name=\"description\" content=\"Lea las rese\u00f1as de nuestros clientes sobre abogados de lesiones personales de confianza y descubra c\u00f3mo Galimidi Law ha logrado obtener justicia para ellos. Lea ahora.\" \/>\n<meta name=\"robots\" content=\"index, follow, max-snippet:-1, max-image-preview:large, max-video-preview:-1\" \/>\n<link rel=\"canonical\" href=\"https:\/\/galimidilaw.com\/es\/testimonios\/\" \/>\n<meta property=\"og:locale\" content=\"es_ES\" \/>\n<meta property=\"og:type\" content=\"article\" \/>\n<meta property=\"og:title\" content=\"Rese\u00f1as de abogados de lesiones personales - Galimidi Law\" \/>\n<meta property=\"og:description\" content=\"Lea las rese\u00f1as de nuestros clientes sobre abogados de lesiones personales de confianza y descubra c\u00f3mo Galimidi Law ha logrado obtener justicia para ellos. Lea ahora.\" \/>\n<meta property=\"og:url\" content=\"https:\/\/galimidilaw.com\/es\/testimonios\/\" \/>\n<meta property=\"og:site_name\" content=\"Galimidi Law\" \/>\n<meta property=\"article:modified_time\" content=\"2025-09-30T17:55:07+00:00\" \/>\n<meta property=\"og:image\" content=\"https:\/\/galimidilaw.com\/wp-content\/uploads\/2024\/06\/fmf_YEG8zW.jpg\" \/>\n\t<meta property=\"og:image:width\" content=\"1254\" \/>\n\t<meta property=\"og:image:height\" content=\"836\" \/>\n\t<meta property=\"og:image:type\" content=\"image\/jpeg\" \/>\n<meta name=\"twitter:card\" content=\"summary_large_image\" \/>\n<script type=\"application\/ld+json\" class=\"yoast-schema-graph\">{\"@context\":\"https:\\\/\\\/schema.org\",\"@graph\":[{\"@type\":\"WebPage\",\"@id\":\"https:\\\/\\\/galimidilaw.com\\\/es\\\/testimonios\\\/\",\"url\":\"https:\\\/\\\/galimidilaw.com\\\/es\\\/testimonios\\\/\",\"name\":\"Rese\u00f1as de abogados de lesiones personales - Galimidi Law\",\"isPartOf\":{\"@id\":\"https:\\\/\\\/galimidilaw.com\\\/es\\\/#website\"},\"primaryImageOfPage\":{\"@id\":\"https:\\\/\\\/galimidilaw.com\\\/es\\\/testimonios\\\/#primaryimage\"},\"image\":{\"@id\":\"https:\\\/\\\/galimidilaw.com\\\/es\\\/testimonios\\\/#primaryimage\"},\"thumbnailUrl\":\"https:\\\/\\\/galimidilaw.com\\\/wp-content\\\/uploads\\\/2024\\\/06\\\/fmf_YEG8zW.jpg\",\"datePublished\":\"2024-06-06T01:16:02+00:00\",\"dateModified\":\"2025-09-30T17:55:07+00:00\",\"description\":\"Lea las rese\u00f1as de nuestros clientes sobre abogados de lesiones personales de confianza y descubra c\u00f3mo Galimidi Law ha logrado obtener justicia para ellos. Lea ahora.\",\"breadcrumb\":{\"@id\":\"https:\\\/\\\/galimidilaw.com\\\/es\\\/testimonios\\\/#breadcrumb\"},\"inLanguage\":\"es\",\"potentialAction\":[{\"@type\":\"ReadAction\",\"target\":[\"https:\\\/\\\/galimidilaw.com\\\/es\\\/testimonios\\\/\"]}]},{\"@type\":\"ImageObject\",\"inLanguage\":\"es\",\"@id\":\"https:\\\/\\\/galimidilaw.com\\\/es\\\/testimonios\\\/#primaryimage\",\"url\":\"https:\\\/\\\/galimidilaw.com\\\/wp-content\\\/uploads\\\/2024\\\/06\\\/fmf_YEG8zW.jpg\",\"contentUrl\":\"https:\\\/\\\/galimidilaw.com\\\/wp-content\\\/uploads\\\/2024\\\/06\\\/fmf_YEG8zW.jpg\",\"width\":1254,\"height\":836,\"caption\":\"A woman is holding papers and talking to another person.\"},{\"@type\":\"BreadcrumbList\",\"@id\":\"https:\\\/\\\/galimidilaw.com\\\/es\\\/testimonios\\\/#breadcrumb\",\"itemListElement\":[{\"@type\":\"ListItem\",\"position\":1,\"name\":\"Home\",\"item\":\"https:\\\/\\\/galimidilaw.com\\\/es\\\/\"},{\"@type\":\"ListItem\",\"position\":2,\"name\":\"Testimonios\"}]},{\"@type\":\"WebSite\",\"@id\":\"https:\\\/\\\/galimidilaw.com\\\/es\\\/#website\",\"url\":\"https:\\\/\\\/galimidilaw.com\\\/es\\\/\",\"name\":\"Galimidi Law\",\"description\":\"\",\"publisher\":{\"@id\":\"https:\\\/\\\/galimidilaw.com\\\/es\\\/#organization\"},\"potentialAction\":[{\"@type\":\"SearchAction\",\"target\":{\"@type\":\"EntryPoint\",\"urlTemplate\":\"https:\\\/\\\/galimidilaw.com\\\/es\\\/?s={search_term_string}\"},\"query-input\":{\"@type\":\"PropertyValueSpecification\",\"valueRequired\":true,\"valueName\":\"search_term_string\"}}],\"inLanguage\":\"es\"},{\"@type\":\"Organization\",\"@id\":\"https:\\\/\\\/galimidilaw.com\\\/es\\\/#organization\",\"name\":\"Galimidi Law\",\"url\":\"https:\\\/\\\/galimidilaw.com\\\/es\\\/\",\"logo\":{\"@type\":\"ImageObject\",\"inLanguage\":\"es\",\"@id\":\"https:\\\/\\\/galimidilaw.com\\\/es\\\/#\\\/schema\\\/logo\\\/image\\\/\",\"url\":\"https:\\\/\\\/galimidi.awkwardmedia.ca\\\/wp-content\\\/uploads\\\/2024\\\/06\\\/logo-1x.png\",\"contentUrl\":\"https:\\\/\\\/galimidi.awkwardmedia.ca\\\/wp-content\\\/uploads\\\/2024\\\/06\\\/logo-1x.png\",\"width\":228,\"height\":93,\"caption\":\"Galimidi Law\"},\"image\":{\"@id\":\"https:\\\/\\\/galimidilaw.com\\\/es\\\/#\\\/schema\\\/logo\\\/image\\\/\"}}]}<\/script>\n<!-- \/ Yoast SEO plugin. -->","yoast_head_json":{"title":"Rese\u00f1as de abogados de lesiones personales - Galimidi Law","description":"Lea las rese\u00f1as de nuestros clientes sobre abogados de lesiones personales de confianza y descubra c\u00f3mo Galimidi Law ha logrado obtener justicia para ellos. Lea ahora.","robots":{"index":"index","follow":"follow","max-snippet":"max-snippet:-1","max-image-preview":"max-image-preview:large","max-video-preview":"max-video-preview:-1"},"canonical":"https:\/\/galimidilaw.com\/es\/testimonios\/","og_locale":"es_ES","og_type":"article","og_title":"Rese\u00f1as de abogados de lesiones personales - Galimidi Law","og_description":"Lea las rese\u00f1as de nuestros clientes sobre abogados de lesiones personales de confianza y descubra c\u00f3mo Galimidi Law ha logrado obtener justicia para ellos. Lea ahora.","og_url":"https:\/\/galimidilaw.com\/es\/testimonios\/","og_site_name":"Galimidi Law","article_modified_time":"2025-09-30T17:55:07+00:00","og_image":[{"width":1254,"height":836,"url":"https:\/\/galimidilaw.com\/wp-content\/uploads\/2024\/06\/fmf_YEG8zW.jpg","type":"image\/jpeg"}],"twitter_card":"summary_large_image","schema":{"@context":"https:\/\/schema.org","@graph":[{"@type":"WebPage","@id":"https:\/\/galimidilaw.com\/es\/testimonios\/","url":"https:\/\/galimidilaw.com\/es\/testimonios\/","name":"Rese\u00f1as de abogados de lesiones personales - Galimidi Law","isPartOf":{"@id":"https:\/\/galimidilaw.com\/es\/#website"},"primaryImageOfPage":{"@id":"https:\/\/galimidilaw.com\/es\/testimonios\/#primaryimage"},"image":{"@id":"https:\/\/galimidilaw.com\/es\/testimonios\/#primaryimage"},"thumbnailUrl":"https:\/\/galimidilaw.com\/wp-content\/uploads\/2024\/06\/fmf_YEG8zW.jpg","datePublished":"2024-06-06T01:16:02+00:00","dateModified":"2025-09-30T17:55:07+00:00","description":"Lea las rese\u00f1as de nuestros clientes sobre abogados de lesiones personales de confianza y descubra c\u00f3mo Galimidi Law ha logrado obtener justicia para ellos. Lea ahora.","breadcrumb":{"@id":"https:\/\/galimidilaw.com\/es\/testimonios\/#breadcrumb"},"inLanguage":"es","potentialAction":[{"@type":"ReadAction","target":["https:\/\/galimidilaw.com\/es\/testimonios\/"]}]},{"@type":"ImageObject","inLanguage":"es","@id":"https:\/\/galimidilaw.com\/es\/testimonios\/#primaryimage","url":"https:\/\/galimidilaw.com\/wp-content\/uploads\/2024\/06\/fmf_YEG8zW.jpg","contentUrl":"https:\/\/galimidilaw.com\/wp-content\/uploads\/2024\/06\/fmf_YEG8zW.jpg","width":1254,"height":836,"caption":"A woman is holding papers and talking to another person."},{"@type":"BreadcrumbList","@id":"https:\/\/galimidilaw.com\/es\/testimonios\/#breadcrumb","itemListElement":[{"@type":"ListItem","position":1,"name":"Home","item":"https:\/\/galimidilaw.com\/es\/"},{"@type":"ListItem","position":2,"name":"Testimonios"}]},{"@type":"WebSite","@id":"https:\/\/galimidilaw.com\/es\/#website","url":"https:\/\/galimidilaw.com\/es\/","name":"Galimidi Law","description":"","publisher":{"@id":"https:\/\/galimidilaw.com\/es\/#organization"},"potentialAction":[{"@type":"SearchAction","target":{"@type":"EntryPoint","urlTemplate":"https:\/\/galimidilaw.com\/es\/?s={search_term_string}"},"query-input":{"@type":"PropertyValueSpecification","valueRequired":true,"valueName":"search_term_string"}}],"inLanguage":"es"},{"@type":"Organization","@id":"https:\/\/galimidilaw.com\/es\/#organization","name":"Galimidi Law","url":"https:\/\/galimidilaw.com\/es\/","logo":{"@type":"ImageObject","inLanguage":"es","@id":"https:\/\/galimidilaw.com\/es\/#\/schema\/logo\/image\/","url":"https:\/\/galimidi.awkwardmedia.ca\/wp-content\/uploads\/2024\/06\/logo-1x.png","contentUrl":"https:\/\/galimidi.awkwardmedia.ca\/wp-content\/uploads\/2024\/06\/logo-1x.png","width":228,"height":93,"caption":"Galimidi Law"},"image":{"@id":"https:\/\/galimidilaw.com\/es\/#\/schema\/logo\/image\/"}}]}},"_links":{"self":[{"href":"https:\/\/galimidilaw.com\/es\/wp-json\/wp\/v2\/pages\/3414","targetHints":{"allow":["GET"]}}],"collection":[{"href":"https:\/\/galimidilaw.com\/es\/wp-json\/wp\/v2\/pages"}],"about":[{"href":"https:\/\/galimidilaw.com\/es\/wp-json\/wp\/v2\/types\/page"}],"author":[{"embeddable":true,"href":"https:\/\/galimidilaw.com\/es\/wp-json\/wp\/v2\/users\/3"}],"replies":[{"embeddable":true,"href":"https:\/\/galimidilaw.com\/es\/wp-json\/wp\/v2\/comments?post=3414"}],"version-history":[{"count":2,"href":"https:\/\/galimidilaw.com\/es\/wp-json\/wp\/v2\/pages\/3414\/revisions"}],"predecessor-version":[{"id":3593,"href":"https:\/\/galimidilaw.com\/es\/wp-json\/wp\/v2\/pages\/3414\/revisions\/3593"}],"wp:featuredmedia":[{"embeddable":true,"href":"https:\/\/galimidilaw.com\/es\/wp-json\/wp\/v2\/media\/2883"}],"wp:attachment":[{"href":"https:\/\/galimidilaw.com\/es\/wp-json\/wp\/v2\/media?parent=3414"}],"curies":[{"name":"wp","href":"https:\/\/api.w.org\/{rel}","templated":true}]}}