{"id":3442,"date":"2025-06-13T14:50:50","date_gmt":"2025-06-13T18:50:50","guid":{"rendered":"https:\/\/galimidilaw.com\/acerca-de-nosotros\/"},"modified":"2025-10-06T11:11:15","modified_gmt":"2025-10-06T15:11:15","slug":"acerca-de-nosotros","status":"publish","type":"page","link":"https:\/\/galimidilaw.com\/es\/acerca-de-nosotros\/","title":{"rendered":"acerca de nosotros"},"content":{"rendered":"\n\n\t\t\t\t\t\t\t\t\t<img fetchpriority=\"high\" decoding=\"async\" src=\"https:\/\/galimidilaw.com\/wp-content\/uploads\/2025\/03\/EmanuelHeadshots-7-1-1.jpg\" alt=\"EmanuelHeadshots-7 (1)\" itemprop=\"image\" height=\"936\" width=\"624\" srcset=\"https:\/\/galimidilaw.com\/wp-content\/uploads\/2025\/03\/EmanuelHeadshots-7-1-1.jpg 624w, https:\/\/galimidilaw.com\/wp-content\/uploads\/2025\/03\/EmanuelHeadshots-7-1-1-600x900.jpg 600w, https:\/\/galimidilaw.com\/wp-content\/uploads\/2025\/03\/EmanuelHeadshots-7-1-1-200x300.jpg 200w\" sizes=\"(max-width: 624px) 100vw, 624px\" title=\"EmanuelHeadshots-7 (1)\" onerror=\"this.style.display='none'\"  \/>\n\t\t<h1>\n\t\t\tRepresentaci\u00f3n legal experimentada para lesiones personales\n\t\t<\/h1>\n\t\t\t<p>Galimidi Law se fund\u00f3 sobre la idea de que todos deber\u00edan tener acceso al mismo nivel de representaci\u00f3n que disfrutan las compa\u00f1\u00edas aseguradoras y otras grandes corporaciones. Despu\u00e9s de haber sido contratado por algunas de las empresas m\u00e1s grandes del mundo durante casi veinte a\u00f1os, el socio fundador del despacho, Emanuel Galimidi, tom\u00f3 la decisi\u00f3n de llevar su conocimiento y experiencia a quienes m\u00e1s lo necesitan, los lesionados y sus familias. Antes de fundar Galimidi Law, el Sr. Galimidi era accionista de uno de los despachos de defensa m\u00e1s exitosos y de m\u00e1s r\u00e1pido crecimiento en Estados Unidos con oficinas en Miami, Nueva York y Los \u00c1ngeles.El Sr. Galimidi comenz\u00f3 su carrera en la firma como asociado y ascendi\u00f3 hasta convertirse en jefe del Grupo de Pr\u00e1ctica de Responsabilidad por Productos, donde litig\u00f3 habitualmente casos relacionados con lesiones catastr\u00f3ficas, muerte por negligencia, agresi\u00f3n sexual y defensa de demandas colectivas.<\/p>\t\t\n\t\t<h2>\n\t\t\tResultados de casos notables\n\t\t<\/h2>\n\t\t\t<p>Travelers Insurance Company, como subrogante de G. Robert O&#8217;Toney &amp; Associates, Inc., operando como National Liquidators y Maritech Services, Inc., contra Commercial Cool-Temp Corp. Caso n.\u00ba 11-61748-CIV-DIMITROULEAS\/SNOW Great Lakes Reinsurance (UK) PLC contra Sunset Harbour Marina, Inc., et al., Caso n.\u00ba 1:10-cv-24469-KAMPatrimonio de Virginia Murray contra la Ciudad de Lake Worth y el Condado de Palm Beach, caso n.\u00ba 502011CA005409XXXXMB, y apelaci\u00f3n ante el Tribunal de Apelaciones del Cuarto Distrito, caso n.\u00ba 13-3958:<\/p>\t\t\n\t\t<h2>\n\t\t\tProfesional y \n\t\t\t\t\t\t\t\t\t\t\tParticipaci\u00f3n comunitaria\n\t\t<\/h2>\n\t\t\t<p>Colegio de Abogados del Condado de Miami-Dade &#8211; Miembro<\/p>\n<p>Fundaci\u00f3n Miami &#8211; Red de Asesores Profesionales &#8211; Comit\u00e9<\/p>\n<p>Club de J\u00f3venes Presidentes de la Fundaci\u00f3n del Centro M\u00e9dico Mount Sinai &#8211; Miembro<\/p>\n\t\t<h2>\n\t\t\tAdmisiones al bar\n\t\t<\/h2>\n\t\t\t<p>Estado de florida<\/p>\t\t\n\t\t\t\t\t\t\t\t\t<img decoding=\"async\" src=\"https:\/\/galimidilaw.com\/wp-content\/uploads\/2024\/09\/1suaWUkZ.jpeg\" alt=\"A large building with many windows and trees\" itemprop=\"image\" height=\"1414\" width=\"2121\" srcset=\"https:\/\/galimidilaw.com\/wp-content\/uploads\/2024\/09\/1suaWUkZ.jpeg 2121w, https:\/\/galimidilaw.com\/wp-content\/uploads\/2024\/09\/1suaWUkZ-600x400.jpeg 600w, https:\/\/galimidilaw.com\/wp-content\/uploads\/2024\/09\/1suaWUkZ-300x200.jpeg 300w, https:\/\/galimidilaw.com\/wp-content\/uploads\/2024\/09\/1suaWUkZ-1024x683.jpeg 1024w, https:\/\/galimidilaw.com\/wp-content\/uploads\/2024\/09\/1suaWUkZ-768x512.jpeg 768w, https:\/\/galimidilaw.com\/wp-content\/uploads\/2024\/09\/1suaWUkZ-1536x1024.jpeg 1536w, https:\/\/galimidilaw.com\/wp-content\/uploads\/2024\/09\/1suaWUkZ-2048x1365.jpeg 2048w\" sizes=\"(max-width: 2121px) 100vw, 2121px\" title=\"1suaWUkZ\" onerror=\"this.style.display='none'\"  \/>\n\t<iframe width=\"1296\" height=\"729\" src=\"https:\/\/www.youtube.com\/embed\/4pM77SVXC44\" title=\"GalimidiLaw - Let us help! Reach out for a consultation!\" frameborder=\"0\" allow=\"accelerometer; autoplay; clipboard-write; encrypted-media; gyroscope; picture-in-picture; web-share\" referrerpolicy=\"strict-origin-when-cross-origin\" allowfullscreen><\/iframe>\n\t\t<h2>\n\t\t\tBarra Florida \n\t\t\t\t\t\t\t\t\t\t\tMembres\u00edas de secci\u00f3n\n\t\t<\/h2>\n\t\t\t<p>Secci\u00f3n de Abogados Litigantes del Colegio de Abogados de Florida<\/p>\t\t\n\t\t<h2>\n\t\t\tAdmisiones a la corte\n\t\t<\/h2>\n\t\t\t<p>Tribunal de Apelaciones del 11.\u00ba CircuitoTribunal de Distrito de los Estados Unidos, Distrito Sur de FloridaTribunal de Distrito de los Estados Unidos para el Distrito Norte de Florida<\/p>\t\t\n\t\t<h2>\n\t\t\tEducaci\u00f3n\n\t\t<\/h2>\n\t\t\t<p>Doctorado en Derecho, Facultad de Derecho de la Universidad de St. Thomas, Miami, Florida<\/p>\n<p>Licenciatura en Artes y Ciencias en Psicolog\u00eda de la Universidad Estatal de Florida<\/p>\n\t\t\t\t<img decoding=\"async\" src=\"https:\/\/galimidilaw.com\/wp-content\/uploads\/2024\/08\/Background-2.png\" alt=\"A green and blue logo with an arrow in the middle.\" itemprop=\"image\" height=\"1966\" width=\"1966\" title=\"Background\" onerror=\"this.style.display='none'\"  \/>\n\t\t<h2>\n\t\t\tPremios y reconocimientos\n\t\t<\/h2>\n\t\t\t\t\t\t<figure>\n\t\t\t\t\t\t\t<img loading=\"lazy\" decoding=\"async\" src=\"https:\/\/galimidilaw.com\/wp-content\/uploads\/2025\/04\/justice_logo_clean-1.png\" alt=\"\" width=\"246\" height=\"122\" \/>\n\t\t\t\t\t\t\t\t\t\t\t\t\t<\/figure>\n\t\t\t\t\t\t<figure>\n\t\t\t\t\t\t\t<img loading=\"lazy\" decoding=\"async\" src=\"https:\/\/galimidilaw.com\/wp-content\/uploads\/2025\/04\/top_100_litigator_clean-1.png\" alt=\"\" width=\"248\" height=\"127\" \/>\n\t\t\t\t\t\t\t\t\t\t\t\t\t<\/figure>\n\t\t\t\t\t\t<figure>\n\t\t\t\t\t\t\t<img loading=\"lazy\" decoding=\"async\" src=\"https:\/\/galimidilaw.com\/wp-content\/uploads\/2025\/04\/super_lawyers_clean-1.png\" alt=\"\" width=\"240\" height=\"125\" \/>\n\t\t\t\t\t\t\t\t\t\t\t\t\t<\/figure>\n\t\t\t\t\t\t<figure>\n\t\t\t\t\t\t\t<img loading=\"lazy\" decoding=\"async\" src=\"https:\/\/galimidilaw.com\/wp-content\/uploads\/2025\/04\/mdb_logo_clean-1-1.png\" alt=\"\" width=\"258\" height=\"134\" \/>\n\t\t\t\t\t\t\t\t\t\t\t\t\t<\/figure>\n\t\t\t\t\t\t<figure>\n\t\t\t\t\t\t\t<img loading=\"lazy\" decoding=\"async\" src=\"https:\/\/galimidilaw.com\/wp-content\/uploads\/2025\/09\/client-champion-new.png\" alt=\"\" width=\"300\" height=\"66\" \/>\n\t\t\t\t\t\t\t\t\t\t\t\t\t<\/figure>\n\t\t\t\t\t\t<figure>\n\t\t\t\t\t\t\t<img loading=\"lazy\" decoding=\"async\" src=\"https:\/\/galimidilaw.com\/wp-content\/uploads\/2025\/03\/logo_av-1.webp\" alt=\"\" width=\"250\" height=\"73\" \/>\n\t\t\t\t\t\t\t\t\t\t\t\t\t<\/figure>\n\t\t\t\t\t\t<figure>\n\t\t\t\t\t\t\t<img loading=\"lazy\" decoding=\"async\" src=\"https:\/\/galimidilaw.com\/wp-content\/uploads\/2025\/03\/NationalTop100-1-2.png\" alt=\"\" srcset=\"https:\/\/galimidilaw.com\/wp-content\/uploads\/2025\/03\/NationalTop100-1-2.png 200w, https:\/\/galimidilaw.com\/wp-content\/uploads\/2025\/03\/NationalTop100-1-2-100x100.png 100w, https:\/\/galimidilaw.com\/wp-content\/uploads\/2025\/03\/NationalTop100-1-2-150x150.png 150w\" width=\"200\" height=\"200\" \/>\n\t\t\t\t\t\t\t\t\t\t\t\t\t<\/figure>\n\t\t\t\t\t\t<figure>\n\t\t\t\t\t\t\t<img loading=\"lazy\" decoding=\"async\" src=\"https:\/\/galimidilaw.com\/wp-content\/uploads\/2025\/10\/avvo-reviews-2025-new-300x200.png\" alt=\"\" srcset=\"https:\/\/galimidilaw.com\/wp-content\/uploads\/2025\/10\/avvo-reviews-2025-new-300x200.png 300w, https:\/\/galimidilaw.com\/wp-content\/uploads\/2025\/10\/avvo-reviews-2025-new-1024x683.png 1024w, https:\/\/galimidilaw.com\/wp-content\/uploads\/2025\/10\/avvo-reviews-2025-new-768x512.png 768w, https:\/\/galimidilaw.com\/wp-content\/uploads\/2025\/10\/avvo-reviews-2025-new-600x400.png 600w, https:\/\/galimidilaw.com\/wp-content\/uploads\/2025\/10\/avvo-reviews-2025-new.png 1536w\" width=\"300\" height=\"200\" \/>\n\t\t\t\t\t\t\t\t\t\t\t\t\t<\/figure>\n\t\t\t\t\t\t<figure>\n\t\t\t\t\t\t\t<img loading=\"lazy\" decoding=\"async\" src=\"https:\/\/galimidilaw.com\/wp-content\/uploads\/2025\/10\/clients-avvs-2025-new1-1-300x222.png\" alt=\"\" srcset=\"https:\/\/galimidilaw.com\/wp-content\/uploads\/2025\/10\/clients-avvs-2025-new1-1-300x222.png 300w, https:\/\/galimidilaw.com\/wp-content\/uploads\/2025\/10\/clients-avvs-2025-new1-1-768x569.png 768w, https:\/\/galimidilaw.com\/wp-content\/uploads\/2025\/10\/clients-avvs-2025-new1-1-600x444.png 600w, https:\/\/galimidilaw.com\/wp-content\/uploads\/2025\/10\/clients-avvs-2025-new1-1.png 980w\" width=\"300\" height=\"222\" \/>\n\t\t\t\t\t\t\t\t\t\t\t\t\t<\/figure>\n\t\t\t\t\t\t<figure>\n\t\t\t\t\t\t\t<img loading=\"lazy\" decoding=\"async\" src=\"https:\/\/galimidilaw.com\/wp-content\/uploads\/2025\/04\/1_1948470039-removebg-preview-300x236.png\" alt=\"\" srcset=\"https:\/\/galimidilaw.com\/wp-content\/uploads\/2025\/04\/1_1948470039-removebg-preview-300x236.png 300w, https:\/\/galimidilaw.com\/wp-content\/uploads\/2025\/04\/1_1948470039-removebg-preview.png 342w\" width=\"300\" height=\"236\" \/>\n\t\t\t\t\t\t\t\t\t\t\t\t\t<\/figure>\n\t\t\t\t\t\t<figure>\n\t\t\t\t\t\t\t<img loading=\"lazy\" decoding=\"async\" src=\"https:\/\/galimidilaw.com\/wp-content\/uploads\/2025\/10\/1-300x99.png\" alt=\"\" srcset=\"https:\/\/galimidilaw.com\/wp-content\/uploads\/2025\/10\/1-300x99.png 300w, https:\/\/galimidilaw.com\/wp-content\/uploads\/2025\/10\/1-768x254.png 768w, https:\/\/galimidilaw.com\/wp-content\/uploads\/2025\/10\/1-600x198.png 600w, https:\/\/galimidilaw.com\/wp-content\/uploads\/2025\/10\/1.png 1004w\" width=\"300\" height=\"99\" \/>\n\t\t\t\t\t\t\t\t\t\t\t\t\t<\/figure>\n\t\t\t\t\t\t<figure>\n\t\t\t\t\t\t\t<img loading=\"lazy\" decoding=\"async\" src=\"https:\/\/galimidilaw.com\/wp-content\/uploads\/2025\/10\/image-removebg-new-300x215.png\" alt=\"\" srcset=\"https:\/\/galimidilaw.com\/wp-content\/uploads\/2025\/10\/image-removebg-new-300x215.png 300w, https:\/\/galimidilaw.com\/wp-content\/uploads\/2025\/10\/image-removebg-new.png 315w\" width=\"300\" height=\"215\" \/>\n\t\t\t\t\t\t\t\t\t\t\t\t\t<\/figure>\n\t\t\t\t\t\t<figure>\n\t\t\t\t\t\t\t<img loading=\"lazy\" decoding=\"async\" src=\"https:\/\/galimidilaw.com\/wp-content\/uploads\/2025\/05\/fl_miami_abogado-de-accidente-de-motocicleta_2025_transparent1-300x240.png\" alt=\"\" srcset=\"https:\/\/galimidilaw.com\/wp-content\/uploads\/2025\/05\/fl_miami_abogado-de-accidente-de-motocicleta_2025_transparent1-300x240.png 300w, https:\/\/galimidilaw.com\/wp-content\/uploads\/2025\/05\/fl_miami_abogado-de-accidente-de-motocicleta_2025_transparent1.png 400w\" width=\"300\" height=\"240\" \/>\n\t\t\t\t\t\t\t\t\t\t\t\t\t<\/figure>\n\t\t\t\t\t\t<figure>\n\t\t\t\t\t\t\t<img loading=\"lazy\" decoding=\"async\" src=\"https:\/\/galimidilaw.com\/wp-content\/uploads\/2025\/05\/fl_miami_boat-accident-lawyers_2025-removebg-preview-300x240.png\" alt=\"\" srcset=\"https:\/\/galimidilaw.com\/wp-content\/uploads\/2025\/05\/fl_miami_boat-accident-lawyers_2025-removebg-preview-300x240.png 300w, https:\/\/galimidilaw.com\/wp-content\/uploads\/2025\/05\/fl_miami_boat-accident-lawyers_2025-removebg-preview.png 400w\" width=\"300\" height=\"240\" \/>\n\t\t\t\t\t\t\t\t\t\t\t\t\t<\/figure>\n\t\t\t\t\t\t<figure>\n\t\t\t\t\t\t\t<img loading=\"lazy\" decoding=\"async\" src=\"https:\/\/galimidilaw.com\/wp-content\/uploads\/2025\/09\/FJA-logo-300x75.png\" alt=\"\" srcset=\"https:\/\/galimidilaw.com\/wp-content\/uploads\/2025\/09\/FJA-logo-300x75.png 300w, https:\/\/galimidilaw.com\/wp-content\/uploads\/2025\/09\/FJA-logo-600x150.png 600w, https:\/\/galimidilaw.com\/wp-content\/uploads\/2025\/09\/FJA-logo-768x192.png 768w, https:\/\/galimidilaw.com\/wp-content\/uploads\/2025\/09\/FJA-logo.png 900w\" width=\"300\" height=\"75\" \/>\n\t\t\t\t\t\t\t\t\t\t\t\t\t<\/figure>\n\t\t\t\t\t\t<!-- pagination -->\n\t\t<h3>\n\t\t\tSu gu\u00eda del sistema judicial civil de Florida: una descripci\u00f3n general simplificada\n\t\t<\/h3>\n\t\t\t<p>Bienvenido a su gu\u00eda sobre el sistema judicial civil de Florida. Esta descripci\u00f3n general simplificada le brindar\u00e1 una comprensi\u00f3n b\u00e1sica de c\u00f3mo funciona el sistema judicial civil de Florida. Ya sea que est\u00e9 involucrado en un caso de lesiones personales o simplemente sienta curiosidad por el proceso legal, esta gu\u00eda busca desglosar conceptos complejos en t\u00e9rminos f\u00e1ciles de entender.  <\/p>\t\t\n\t\t<h2>\n\t\t\tCap\u00edtulo 1: Comprensi\u00f3n del sistema judicial civil\n\t\t<\/h2>\n\t\t\t<p>1.1 \u00bfQu\u00e9 es el sistema judicial civil?El sistema judicial civil se ocupa de disputas legales entre individuos u organizaciones.Se diferencia del tribunal penal, que se ocupa de casos que implican violaciones de la ley.1.2 Tipos de casos civilesCasos de lesiones personales: involucran lesiones causadas por la negligencia o mala conducta de otra persona.Disputas contractuales: cuando las partes no est\u00e1n de acuerdo sobre los t\u00e9rminos o el desempe\u00f1o de un contrato.Disputas de propiedad: Desacuerdos sobre propiedad, l\u00edmites o da\u00f1os.Asuntos de derecho de familia: divorcio, custodia de menores y otras disputas relacionadas con la familia.1.3 Jurisdicci\u00f3nCada condado de Florida tiene su propio sistema judicial civil. Los casos suelen presentarse en el condado donde ocurri\u00f3 el incidente o donde reside el acusado. <\/p>\t\t\n\t\t<img decoding=\"async\" src=\"https:\/\/galimidilaw.com\/wp-content\/uploads\/2024\/06\/logo-element.png\" alt=\"A picture of the logo for the company g.\" itemprop=\"image\"\/>\n\t\t<h2>\n\t\t\tCap\u00edtulo 2: El proceso de demanda\n\t\t<\/h2>\n\t\t\t<p>2.1 Presentaci\u00f3n de una demandaUna demanda se inicia cuando el demandante presenta una demanda ante el tribunal. En ella, se exponen sus pretensiones y se solicita una reparaci\u00f3n o indemnizaci\u00f3n. 2.2 Sirviendo a la demandadaTras presentar la demanda, se debe notificar al demandado sobre la misma. Esto suele hacerse mediante un notificador o correo certificado. 2.3 La respuesta del demandadoEl demandado debe responder a la demanda dentro de un plazo determinado. Puede admitir o negar las alegaciones y presentar contrademandas o defensas. <\/p>\t\t\n\t\t<h2>\n\t\t\tCap\u00edtulo 3: Procedimientos previos al juicio\n\t\t<\/h2>\n\t\t\t<p>3.1 DescubrimientoAmbas partes intercambian informaci\u00f3n y pruebas relevantes para el caso. Esto incluye documentos, declaraciones de testigos y dict\u00e1menes periciales. 3.2 Mediaci\u00f3n y conciliaci\u00f3nLas partes pueden intentar la mediaci\u00f3n para resolver la disputa sin ir a juicio. Si se llega a un acuerdo, el caso se resuelve y no se celebra juicio. <\/p>\t\t\n\t\t<img decoding=\"async\" src=\"https:\/\/galimidilaw.com\/wp-content\/uploads\/2024\/06\/logo-element.png\" alt=\"A picture of the logo for the company g.\" itemprop=\"image\"\/>\n\t\t<h2>\n\t\t\tCap\u00edtulo 4: Juicio y resoluci\u00f3n\n\t\t<\/h2>\n\t\t\t<p>4.1 El proceso de pruebaCada parte presenta su caso, incluyendo testigos y pruebas. El juez o el jurado toma una decisi\u00f3n bas\u00e1ndose en las pruebas y las leyes aplicables. 4.2 ApelacionesSi alguna de las partes no est\u00e1 de acuerdo con el resultado del juicio, puede presentar una apelaci\u00f3n. Las apelaciones son tramitadas por un tribunal superior, que revisa el juicio para detectar errores legales. <\/p>\t\t\n\t\t<h2>\n\t\t\tConclusi\u00f3n\n\t\t<\/h2>\n\t\t\t<p>Si bien esta gu\u00eda ofrece una visi\u00f3n general simplificada del sistema judicial civil de Florida, es importante consultar con un abogado calificado para obtener asesoramiento legal espec\u00edfico. El proceso legal puede ser complejo, pero comprender los conceptos b\u00e1sicos puede ayudarle a participar mejor en su caso. Recuerde que, si se ve involucrado en una disputa civil, es muy recomendable buscar representaci\u00f3n legal profesional para proteger sus derechos e intereses.  <\/p>\t\t\n\n","protected":false},"excerpt":{"rendered":"<p>Representaci\u00f3n legal experimentada para lesiones personales Galimidi Law se fund\u00f3 sobre la idea de que todos deber\u00edan tener acceso al mismo nivel de representaci\u00f3n que disfrutan las compa\u00f1\u00edas aseguradoras y otras grandes corporaciones. Despu\u00e9s de haber sido contratado por algunas de las empresas m\u00e1s grandes del mundo durante casi veinte a\u00f1os, el socio fundador del&hellip;<\/p>\n","protected":false},"author":3,"featured_media":2890,"parent":0,"menu_order":0,"comment_status":"closed","ping_status":"closed","template":"","meta":{"_coblocks_attr":"","_coblocks_dimensions":"","_coblocks_responsive_height":"","_coblocks_accordion_ie_support":"","footnotes":""},"class_list":["post-3442","page","type-page","status-publish","has-post-thumbnail","hentry"],"yoast_head":"<!-- This site is optimized with the Yoast SEO plugin v27.3 - https:\/\/yoast.com\/product\/yoast-seo-wordpress\/ -->\n<title>Acerca de - Galimidi Law - Abogado de Accidentes en Miami<\/title>\n<meta name=\"description\" content=\"Conozca m\u00e1s sobre Galimidi Law, su abogado de confianza en accidentes en Miami, dedicado a garantizar justicia y una compensaci\u00f3n justa. Leer m\u00e1s. Llama ahora.\" \/>\n<meta name=\"robots\" content=\"index, follow, max-snippet:-1, max-image-preview:large, max-video-preview:-1\" \/>\n<link rel=\"canonical\" href=\"https:\/\/galimidilaw.com\/es\/acerca-de-nosotros\/\" \/>\n<meta property=\"og:locale\" content=\"es_ES\" \/>\n<meta property=\"og:type\" content=\"article\" \/>\n<meta property=\"og:title\" content=\"Acerca de - Galimidi Law - Abogado de Accidentes en Miami\" \/>\n<meta property=\"og:description\" content=\"Conozca m\u00e1s sobre Galimidi Law, su abogado de confianza en accidentes en Miami, dedicado a garantizar justicia y una compensaci\u00f3n justa. Leer m\u00e1s. Llama ahora.\" \/>\n<meta property=\"og:url\" content=\"https:\/\/galimidilaw.com\/es\/acerca-de-nosotros\/\" \/>\n<meta property=\"og:site_name\" content=\"Galimidi Law\" \/>\n<meta property=\"article:modified_time\" content=\"2025-10-06T15:11:15+00:00\" \/>\n<meta property=\"og:image\" content=\"https:\/\/galimidilaw.com\/wp-content\/uploads\/2024\/06\/disability-8122197_1280.jpg\" \/>\n\t<meta property=\"og:image:width\" content=\"1280\" \/>\n\t<meta property=\"og:image:height\" content=\"640\" \/>\n\t<meta property=\"og:image:type\" content=\"image\/jpeg\" \/>\n<meta name=\"twitter:card\" content=\"summary_large_image\" \/>\n<meta name=\"twitter:label1\" content=\"Tiempo de lectura\" \/>\n\t<meta name=\"twitter:data1\" content=\"4 minutos\" \/>\n<script type=\"application\/ld+json\" class=\"yoast-schema-graph\">{\"@context\":\"https:\\\/\\\/schema.org\",\"@graph\":[{\"@type\":\"WebPage\",\"@id\":\"https:\\\/\\\/galimidilaw.com\\\/es\\\/acerca-de-nosotros\\\/\",\"url\":\"https:\\\/\\\/galimidilaw.com\\\/es\\\/acerca-de-nosotros\\\/\",\"name\":\"Acerca de - Galimidi Law - Abogado de Accidentes en Miami\",\"isPartOf\":{\"@id\":\"https:\\\/\\\/galimidilaw.com\\\/es\\\/#website\"},\"primaryImageOfPage\":{\"@id\":\"https:\\\/\\\/galimidilaw.com\\\/es\\\/acerca-de-nosotros\\\/#primaryimage\"},\"image\":{\"@id\":\"https:\\\/\\\/galimidilaw.com\\\/es\\\/acerca-de-nosotros\\\/#primaryimage\"},\"thumbnailUrl\":\"https:\\\/\\\/galimidilaw.com\\\/wp-content\\\/uploads\\\/2024\\\/06\\\/disability-8122197_1280.jpg\",\"datePublished\":\"2025-06-13T18:50:50+00:00\",\"dateModified\":\"2025-10-06T15:11:15+00:00\",\"description\":\"Conozca m\u00e1s sobre Galimidi Law, su abogado de confianza en accidentes en Miami, dedicado a garantizar justicia y una compensaci\u00f3n justa. Leer m\u00e1s. Llama ahora.\",\"breadcrumb\":{\"@id\":\"https:\\\/\\\/galimidilaw.com\\\/es\\\/acerca-de-nosotros\\\/#breadcrumb\"},\"inLanguage\":\"es\",\"potentialAction\":[{\"@type\":\"ReadAction\",\"target\":[\"https:\\\/\\\/galimidilaw.com\\\/es\\\/acerca-de-nosotros\\\/\"]}]},{\"@type\":\"ImageObject\",\"inLanguage\":\"es\",\"@id\":\"https:\\\/\\\/galimidilaw.com\\\/es\\\/acerca-de-nosotros\\\/#primaryimage\",\"url\":\"https:\\\/\\\/galimidilaw.com\\\/wp-content\\\/uploads\\\/2024\\\/06\\\/disability-8122197_1280.jpg\",\"contentUrl\":\"https:\\\/\\\/galimidilaw.com\\\/wp-content\\\/uploads\\\/2024\\\/06\\\/disability-8122197_1280.jpg\",\"width\":1280,\"height\":640,\"caption\":\"A man with a broken arm and bandaged head sitting in front of a woman.\"},{\"@type\":\"BreadcrumbList\",\"@id\":\"https:\\\/\\\/galimidilaw.com\\\/es\\\/acerca-de-nosotros\\\/#breadcrumb\",\"itemListElement\":[{\"@type\":\"ListItem\",\"position\":1,\"name\":\"Home\",\"item\":\"https:\\\/\\\/galimidilaw.com\\\/es\\\/\"},{\"@type\":\"ListItem\",\"position\":2,\"name\":\"acerca de nosotros\"}]},{\"@type\":\"WebSite\",\"@id\":\"https:\\\/\\\/galimidilaw.com\\\/es\\\/#website\",\"url\":\"https:\\\/\\\/galimidilaw.com\\\/es\\\/\",\"name\":\"Galimidi Law\",\"description\":\"\",\"publisher\":{\"@id\":\"https:\\\/\\\/galimidilaw.com\\\/es\\\/#organization\"},\"potentialAction\":[{\"@type\":\"SearchAction\",\"target\":{\"@type\":\"EntryPoint\",\"urlTemplate\":\"https:\\\/\\\/galimidilaw.com\\\/es\\\/?s={search_term_string}\"},\"query-input\":{\"@type\":\"PropertyValueSpecification\",\"valueRequired\":true,\"valueName\":\"search_term_string\"}}],\"inLanguage\":\"es\"},{\"@type\":\"Organization\",\"@id\":\"https:\\\/\\\/galimidilaw.com\\\/es\\\/#organization\",\"name\":\"Galimidi Law\",\"url\":\"https:\\\/\\\/galimidilaw.com\\\/es\\\/\",\"logo\":{\"@type\":\"ImageObject\",\"inLanguage\":\"es\",\"@id\":\"https:\\\/\\\/galimidilaw.com\\\/es\\\/#\\\/schema\\\/logo\\\/image\\\/\",\"url\":\"https:\\\/\\\/galimidi.awkwardmedia.ca\\\/wp-content\\\/uploads\\\/2024\\\/06\\\/logo-1x.png\",\"contentUrl\":\"https:\\\/\\\/galimidi.awkwardmedia.ca\\\/wp-content\\\/uploads\\\/2024\\\/06\\\/logo-1x.png\",\"width\":228,\"height\":93,\"caption\":\"Galimidi Law\"},\"image\":{\"@id\":\"https:\\\/\\\/galimidilaw.com\\\/es\\\/#\\\/schema\\\/logo\\\/image\\\/\"}}]}<\/script>\n<!-- \/ Yoast SEO plugin. -->","yoast_head_json":{"title":"Acerca de - Galimidi Law - Abogado de Accidentes en Miami","description":"Conozca m\u00e1s sobre Galimidi Law, su abogado de confianza en accidentes en Miami, dedicado a garantizar justicia y una compensaci\u00f3n justa. Leer m\u00e1s. Llama ahora.","robots":{"index":"index","follow":"follow","max-snippet":"max-snippet:-1","max-image-preview":"max-image-preview:large","max-video-preview":"max-video-preview:-1"},"canonical":"https:\/\/galimidilaw.com\/es\/acerca-de-nosotros\/","og_locale":"es_ES","og_type":"article","og_title":"Acerca de - Galimidi Law - Abogado de Accidentes en Miami","og_description":"Conozca m\u00e1s sobre Galimidi Law, su abogado de confianza en accidentes en Miami, dedicado a garantizar justicia y una compensaci\u00f3n justa. Leer m\u00e1s. Llama ahora.","og_url":"https:\/\/galimidilaw.com\/es\/acerca-de-nosotros\/","og_site_name":"Galimidi Law","article_modified_time":"2025-10-06T15:11:15+00:00","og_image":[{"width":1280,"height":640,"url":"https:\/\/galimidilaw.com\/wp-content\/uploads\/2024\/06\/disability-8122197_1280.jpg","type":"image\/jpeg"}],"twitter_card":"summary_large_image","twitter_misc":{"Tiempo de lectura":"4 minutos"},"schema":{"@context":"https:\/\/schema.org","@graph":[{"@type":"WebPage","@id":"https:\/\/galimidilaw.com\/es\/acerca-de-nosotros\/","url":"https:\/\/galimidilaw.com\/es\/acerca-de-nosotros\/","name":"Acerca de - Galimidi Law - Abogado de Accidentes en Miami","isPartOf":{"@id":"https:\/\/galimidilaw.com\/es\/#website"},"primaryImageOfPage":{"@id":"https:\/\/galimidilaw.com\/es\/acerca-de-nosotros\/#primaryimage"},"image":{"@id":"https:\/\/galimidilaw.com\/es\/acerca-de-nosotros\/#primaryimage"},"thumbnailUrl":"https:\/\/galimidilaw.com\/wp-content\/uploads\/2024\/06\/disability-8122197_1280.jpg","datePublished":"2025-06-13T18:50:50+00:00","dateModified":"2025-10-06T15:11:15+00:00","description":"Conozca m\u00e1s sobre Galimidi Law, su abogado de confianza en accidentes en Miami, dedicado a garantizar justicia y una compensaci\u00f3n justa. Leer m\u00e1s. Llama ahora.","breadcrumb":{"@id":"https:\/\/galimidilaw.com\/es\/acerca-de-nosotros\/#breadcrumb"},"inLanguage":"es","potentialAction":[{"@type":"ReadAction","target":["https:\/\/galimidilaw.com\/es\/acerca-de-nosotros\/"]}]},{"@type":"ImageObject","inLanguage":"es","@id":"https:\/\/galimidilaw.com\/es\/acerca-de-nosotros\/#primaryimage","url":"https:\/\/galimidilaw.com\/wp-content\/uploads\/2024\/06\/disability-8122197_1280.jpg","contentUrl":"https:\/\/galimidilaw.com\/wp-content\/uploads\/2024\/06\/disability-8122197_1280.jpg","width":1280,"height":640,"caption":"A man with a broken arm and bandaged head sitting in front of a woman."},{"@type":"BreadcrumbList","@id":"https:\/\/galimidilaw.com\/es\/acerca-de-nosotros\/#breadcrumb","itemListElement":[{"@type":"ListItem","position":1,"name":"Home","item":"https:\/\/galimidilaw.com\/es\/"},{"@type":"ListItem","position":2,"name":"acerca de nosotros"}]},{"@type":"WebSite","@id":"https:\/\/galimidilaw.com\/es\/#website","url":"https:\/\/galimidilaw.com\/es\/","name":"Galimidi Law","description":"","publisher":{"@id":"https:\/\/galimidilaw.com\/es\/#organization"},"potentialAction":[{"@type":"SearchAction","target":{"@type":"EntryPoint","urlTemplate":"https:\/\/galimidilaw.com\/es\/?s={search_term_string}"},"query-input":{"@type":"PropertyValueSpecification","valueRequired":true,"valueName":"search_term_string"}}],"inLanguage":"es"},{"@type":"Organization","@id":"https:\/\/galimidilaw.com\/es\/#organization","name":"Galimidi Law","url":"https:\/\/galimidilaw.com\/es\/","logo":{"@type":"ImageObject","inLanguage":"es","@id":"https:\/\/galimidilaw.com\/es\/#\/schema\/logo\/image\/","url":"https:\/\/galimidi.awkwardmedia.ca\/wp-content\/uploads\/2024\/06\/logo-1x.png","contentUrl":"https:\/\/galimidi.awkwardmedia.ca\/wp-content\/uploads\/2024\/06\/logo-1x.png","width":228,"height":93,"caption":"Galimidi Law"},"image":{"@id":"https:\/\/galimidilaw.com\/es\/#\/schema\/logo\/image\/"}}]}},"_links":{"self":[{"href":"https:\/\/galimidilaw.com\/es\/wp-json\/wp\/v2\/pages\/3442","targetHints":{"allow":["GET"]}}],"collection":[{"href":"https:\/\/galimidilaw.com\/es\/wp-json\/wp\/v2\/pages"}],"about":[{"href":"https:\/\/galimidilaw.com\/es\/wp-json\/wp\/v2\/types\/page"}],"author":[{"embeddable":true,"href":"https:\/\/galimidilaw.com\/es\/wp-json\/wp\/v2\/users\/3"}],"replies":[{"embeddable":true,"href":"https:\/\/galimidilaw.com\/es\/wp-json\/wp\/v2\/comments?post=3442"}],"version-history":[{"count":5,"href":"https:\/\/galimidilaw.com\/es\/wp-json\/wp\/v2\/pages\/3442\/revisions"}],"predecessor-version":[{"id":3674,"href":"https:\/\/galimidilaw.com\/es\/wp-json\/wp\/v2\/pages\/3442\/revisions\/3674"}],"wp:featuredmedia":[{"embeddable":true,"href":"https:\/\/galimidilaw.com\/es\/wp-json\/wp\/v2\/media\/2890"}],"wp:attachment":[{"href":"https:\/\/galimidilaw.com\/es\/wp-json\/wp\/v2\/media?parent=3442"}],"curies":[{"name":"wp","href":"https:\/\/api.w.org\/{rel}","templated":true}]}}